{"id":78,"date":"2026-02-03T17:25:39","date_gmt":"2026-02-03T17:25:39","guid":{"rendered":"https:\/\/qvecal.org\/?page_id=78"},"modified":"2026-02-04T07:11:57","modified_gmt":"2026-02-04T07:11:57","slug":"donacion","status":"publish","type":"page","link":"https:\/\/qvecal.org\/en\/donacion\/","title":{"rendered":"Donation"},"content":{"rendered":"<div data-elementor-type=\"wp-page\" data-elementor-id=\"78\" class=\"elementor elementor-78\" data-elementor-post-type=\"page\">\n\t\t\t\t<div class=\"elementor-element elementor-element-2d5d255a e-flex e-con-boxed e-con e-parent\" data-id=\"2d5d255a\" data-element_type=\"container\" data-e-type=\"container\">\n\t\t\t\t\t<div class=\"e-con-inner\">\n\t\t\t\t<div class=\"elementor-element elementor-element-3b2f9986 elementor-widget elementor-widget-text-editor\" data-id=\"3b2f9986\" data-element_type=\"widget\" data-e-type=\"widget\" data-widget_type=\"text-editor.default\">\n\t\t\t\t\t\t\t\t\t\n<p>For all those who want to contribute financially, the Volunteer Center for Civil Emergencies provides its bank account numbers to welcome every donation from Albanians wherever they are. Any help from you, even just one euro, is a great support for many people who are today in an extreme emergency situation.<br>Together we can achieve it. Therefore, for every contribution you make, gratitude is not enough, very little. Thank you! Below you will find the bank account numbers for donations inside and outside the country.<\/p>\n\n\n\n<p><\/p>\n\n\n\n<p>Contact: info@qvecal-org<\/p>\n\n\n\n<p><\/p>\n\t\t\t\t\t\t\t\t<\/div>\n\t\t\t\t\t<\/div>\n\t\t\t\t<\/div>\n\t\t\t\t<\/div>","protected":false},"excerpt":{"rendered":"<p>P\u00ebr t\u00eb gjith\u00eb ata q\u00eb duan t\u00eb kontribuojn\u00eb financiarisht, Qendra Vullnetare e Emergjencave Civile v\u00eb n\u00eb dispozion numrat e saj t\u00eb llogaris\u00eb p\u00ebr t\u00eb mir\u00ebpritur cdo donacion t\u00eb shqiptar\u00ebve kudo q\u00eb jan\u00eb. Cdo ndihm\u00eb e juaja, qoft\u00eb edhe me nj\u00eb euro \u00ebsht\u00eb nj\u00eb ndihm\u00eb e madhe p\u00ebr shum\u00eb njer\u00ebz q\u00eb sot jan\u00eb n\u00eb gjendje emergjence [&hellip;]<\/p>\n","protected":false},"author":1,"featured_media":6,"parent":0,"menu_order":0,"comment_status":"closed","ping_status":"closed","template":"","meta":{"footnotes":""},"class_list":["post-78","page","type-page","status-publish","has-post-thumbnail","hentry"],"_links":{"self":[{"href":"https:\/\/qvecal.org\/en\/wp-json\/wp\/v2\/pages\/78","targetHints":{"allow":["GET"]}}],"collection":[{"href":"https:\/\/qvecal.org\/en\/wp-json\/wp\/v2\/pages"}],"about":[{"href":"https:\/\/qvecal.org\/en\/wp-json\/wp\/v2\/types\/page"}],"author":[{"embeddable":true,"href":"https:\/\/qvecal.org\/en\/wp-json\/wp\/v2\/users\/1"}],"replies":[{"embeddable":true,"href":"https:\/\/qvecal.org\/en\/wp-json\/wp\/v2\/comments?post=78"}],"version-history":[{"count":0,"href":"https:\/\/qvecal.org\/en\/wp-json\/wp\/v2\/pages\/78\/revisions"}],"wp:featuredmedia":[{"embeddable":true,"href":"https:\/\/qvecal.org\/en\/wp-json\/wp\/v2\/media\/6"}],"wp:attachment":[{"href":"https:\/\/qvecal.org\/en\/wp-json\/wp\/v2\/media?parent=78"}],"curies":[{"name":"wp","href":"https:\/\/api.w.org\/{rel}","templated":true}]}}