{"id":12,"date":"2026-02-02T15:38:24","date_gmt":"2026-02-02T15:38:24","guid":{"rendered":"https:\/\/qvecal.org\/?page_id=12"},"modified":"2026-02-04T10:08:57","modified_gmt":"2026-02-04T10:08:57","slug":"rreth-nesh","status":"publish","type":"page","link":"https:\/\/qvecal.org\/en\/rreth-nesh\/","title":{"rendered":"About Us"},"content":{"rendered":"<div data-elementor-type=\"wp-page\" data-elementor-id=\"12\" class=\"elementor elementor-12\" data-elementor-post-type=\"page\">\n\t\t\t\t<div class=\"elementor-element elementor-element-0ad0b05 e-flex e-con-boxed e-con e-child\" data-id=\"0ad0b05\" data-element_type=\"container\" data-e-type=\"container\">\n\t\t\t\t\t<div class=\"e-con-inner\">\n\t\t<div class=\"elementor-element elementor-element-44f6c18 e-con-full e-flex e-con e-child\" data-id=\"44f6c18\" data-element_type=\"container\" data-e-type=\"container\">\n\t\t\t\t<div class=\"elementor-element elementor-element-62b83eb elementor-widget__width-inherit elementor-widget elementor-widget-heading\" data-id=\"62b83eb\" data-element_type=\"widget\" data-e-type=\"widget\" data-widget_type=\"heading.default\">\n\t\t\t\t\t<div class=\"elementor-heading-title elementor-size-default\">About Us \u2013 Q.V.E.C<\/div>\t\t\t\t<\/div>\n\t\t\t\t<div class=\"elementor-element elementor-element-c99975a elementor-widget elementor-widget-heading\" data-id=\"c99975a\" data-element_type=\"widget\" data-e-type=\"widget\" data-widget_type=\"heading.default\">\n\t\t\t\t\t<h2 class=\"elementor-heading-title elementor-size-default\">Volunteer Center for Civil Emergencies <\/h2>\t\t\t\t<\/div>\n\t\t\t\t<div class=\"elementor-element elementor-element-32cf878 elementor-widget elementor-widget-text-editor\" data-id=\"32cf878\" data-element_type=\"widget\" data-e-type=\"widget\" data-widget_type=\"text-editor.default\">\n\t\t\t\t\t\t\t\t\t<p>The Volunteer Center for Civil Emergencies (QVEC) is a non-profit organization established with a clear mission: to provide humanitarian assistance during natural and health emergencies across the entire country. Founded by <strong data-start=\"308\" data-end=\"322\">Nebi Mucaj<\/strong>, the center is built on the core values of volunteerism, solidarity, and civic responsibility.<\/p>\t\t\t\t\t\t\t\t<\/div>\n\t\t\t\t<\/div>\n\t\t\t\t<div class=\"elementor-element elementor-element-f62e723 elementor-widget__width-inherit elementor-widget elementor-widget-image\" data-id=\"f62e723\" data-element_type=\"widget\" data-e-type=\"widget\" data-widget_type=\"image.default\">\n\t\t\t\t\t\t\t\t\t\t\t\t\t\t\t<img fetchpriority=\"high\" decoding=\"async\" width=\"960\" height=\"640\" src=\"https:\/\/qvecal.org\/wp-content\/uploads\/2026\/02\/QVEC-AL.jpg\" class=\"attachment-full size-full wp-image-46\" alt=\"\" srcset=\"https:\/\/qvecal.org\/wp-content\/uploads\/2026\/02\/QVEC-AL.jpg 960w, https:\/\/qvecal.org\/wp-content\/uploads\/2026\/02\/QVEC-AL-300x200.jpg 300w, https:\/\/qvecal.org\/wp-content\/uploads\/2026\/02\/QVEC-AL-768x512.jpg 768w\" sizes=\"(max-width: 960px) 100vw, 960px\" \/>\t\t\t\t\t\t\t\t\t\t\t\t\t\t\t<\/div>\n\t\t\t\t\t<\/div>\n\t\t\t\t<\/div>\n\t\t<div class=\"elementor-element elementor-element-faa2535 e-flex e-con-boxed e-con e-parent\" data-id=\"faa2535\" data-element_type=\"container\" data-e-type=\"container\">\n\t\t\t\t\t<div class=\"e-con-inner\">\n\t\t\t\t<div class=\"elementor-element elementor-element-32974ce elementor-widget elementor-widget-text-editor\" data-id=\"32974ce\" data-element_type=\"widget\" data-e-type=\"widget\" data-widget_type=\"text-editor.default\">\n\t\t\t\t\t\t\t\t\t<p data-start=\"414\" data-end=\"775\">QVEC aims to deliver humanitarian aid in cases of civil emergencies, disasters, or large-scale crises, by mobilizing its human and organizational capacities in support of lawful institutions, both domestically and internationally. Its activities are carried out in full coordination with state structures and institutional partners.<\/p><p data-start=\"777\" data-end=\"1056\">The center operates as an independent structure with <strong data-start=\"834\" data-end=\"879\">operational, research, educational, and humanitarian functions<\/strong>QVEC intervenes exclusively in emergency situations and is registered with the tax authorities under <strong data-start=\"975\" data-end=\"994\">NUIS L32217451P<\/strong>, based on a decision of the legislative bodies dated <strong data-start=\"1038\" data-end=\"1055\">October 14, 2013<\/strong>.<\/p><p data-start=\"1058\" data-end=\"1363\">QVEC has established sustainable international partnerships, particularly with counterpart organizations in the <strong data-start=\"1164\" data-end=\"1183\">Marche region of Italy<\/strong>, as well as with municipalities such as <strong data-start=\"1210\" data-end=\"1258\">Fermo, Porto Sant\u2019Elpidio, and Porto San Giorgio<\/strong>, strengthening cooperation in the field of civil emergencies and the exchange of professional experience.<\/p>\t\t\t\t\t\t\t\t<\/div>\n\t\t\t\t\t<\/div>\n\t\t\t\t<\/div>\n\t\t<div class=\"elementor-element elementor-element-ad910f7 e-flex e-con-boxed e-con e-parent\" data-id=\"ad910f7\" data-element_type=\"container\" data-e-type=\"container\">\n\t\t\t\t\t<div class=\"e-con-inner\">\n\t\t\t\t<div class=\"elementor-element elementor-element-b8dbd1d elementor-widget elementor-widget-image-carousel\" data-id=\"b8dbd1d\" data-element_type=\"widget\" data-e-type=\"widget\" data-settings=\"{&quot;slides_to_show&quot;:&quot;4&quot;,&quot;slides_to_show_tablet&quot;:&quot;3&quot;,&quot;slides_to_scroll&quot;:&quot;2&quot;,&quot;navigation&quot;:&quot;none&quot;,&quot;autoplay_speed&quot;:2500,&quot;speed&quot;:600,&quot;image_spacing_custom&quot;:{&quot;unit&quot;:&quot;px&quot;,&quot;size&quot;:10,&quot;sizes&quot;:[]},&quot;autoplay&quot;:&quot;yes&quot;,&quot;pause_on_hover&quot;:&quot;yes&quot;,&quot;pause_on_interaction&quot;:&quot;yes&quot;,&quot;infinite&quot;:&quot;yes&quot;,&quot;image_spacing_custom_tablet&quot;:{&quot;unit&quot;:&quot;px&quot;,&quot;size&quot;:&quot;&quot;,&quot;sizes&quot;:[]},&quot;image_spacing_custom_mobile&quot;:{&quot;unit&quot;:&quot;px&quot;,&quot;size&quot;:&quot;&quot;,&quot;sizes&quot;:[]}}\" data-widget_type=\"image-carousel.default\">\n\t\t\t\t\t\t\t<div class=\"elementor-image-carousel-wrapper swiper\" role=\"region\" aria-roledescription=\"carousel\" aria-label=\"Image Carousel\" dir=\"ltr\">\n\t\t\t<div class=\"elementor-image-carousel swiper-wrapper\" aria-live=\"off\">\n\t\t\t\t\t\t\t\t<div class=\"swiper-slide\" role=\"group\" aria-roledescription=\"slide\" aria-label=\"1 of 9\"><a data-elementor-open-lightbox=\"yes\" data-elementor-lightbox-slideshow=\"b8dbd1d\" data-elementor-lightbox-title=\"QVEC Albania\" data-e-action-hash=\"#elementor-action%3Aaction%3Dlightbox%26settings%3DeyJpZCI6NTgsInVybCI6Imh0dHBzOlwvXC9xdmVjYWwub3JnXC93cC1jb250ZW50XC91cGxvYWRzXC8yMDI2XC8wMlwvUVZFQy1BbGJhbmlhLTEuanBnIiwic2xpZGVzaG93IjoiYjhkYmQxZCJ9\" href=\"https:\/\/qvecal.org\/wp-content\/uploads\/2026\/02\/QVEC-Albania-1.jpg\"><figure class=\"swiper-slide-inner\"><img decoding=\"async\" class=\"swiper-slide-image\" src=\"https:\/\/qvecal.org\/wp-content\/uploads\/2026\/02\/QVEC-Albania-1.jpg\" alt=\"QVEC Albania\" \/><\/figure><\/a><\/div><div class=\"swiper-slide\" role=\"group\" aria-roledescription=\"slide\" aria-label=\"2 of 9\"><a data-elementor-open-lightbox=\"yes\" data-elementor-lightbox-slideshow=\"b8dbd1d\" data-elementor-lightbox-title=\"QVEC Albania 4\" data-e-action-hash=\"#elementor-action%3Aaction%3Dlightbox%26settings%3DeyJpZCI6NjIsInVybCI6Imh0dHBzOlwvXC9xdmVjYWwub3JnXC93cC1jb250ZW50XC91cGxvYWRzXC8yMDI2XC8wMlwvUVZFQy1BbGJhbmlhLTQuanBnIiwic2xpZGVzaG93IjoiYjhkYmQxZCJ9\" href=\"https:\/\/qvecal.org\/wp-content\/uploads\/2026\/02\/QVEC-Albania-4.jpg\"><figure class=\"swiper-slide-inner\"><img decoding=\"async\" class=\"swiper-slide-image\" src=\"https:\/\/qvecal.org\/wp-content\/uploads\/2026\/02\/QVEC-Albania-4.jpg\" alt=\"QVEC Albania 4\" \/><\/figure><\/a><\/div><div class=\"swiper-slide\" role=\"group\" aria-roledescription=\"slide\" aria-label=\"3 of 9\"><a data-elementor-open-lightbox=\"yes\" data-elementor-lightbox-slideshow=\"b8dbd1d\" data-elementor-lightbox-title=\"QVEC Albania 5\" data-e-action-hash=\"#elementor-action%3Aaction%3Dlightbox%26settings%3DeyJpZCI6NjMsInVybCI6Imh0dHBzOlwvXC9xdmVjYWwub3JnXC93cC1jb250ZW50XC91cGxvYWRzXC8yMDI2XC8wMlwvUVZFQy1BbGJhbmlhLTUuanBnIiwic2xpZGVzaG93IjoiYjhkYmQxZCJ9\" href=\"https:\/\/qvecal.org\/wp-content\/uploads\/2026\/02\/QVEC-Albania-5.jpg\"><figure class=\"swiper-slide-inner\"><img decoding=\"async\" class=\"swiper-slide-image\" src=\"https:\/\/qvecal.org\/wp-content\/uploads\/2026\/02\/QVEC-Albania-5.jpg\" alt=\"QVEC Albania 5\" \/><\/figure><\/a><\/div><div class=\"swiper-slide\" role=\"group\" aria-roledescription=\"slide\" aria-label=\"4 of 9\"><a data-elementor-open-lightbox=\"yes\" data-elementor-lightbox-slideshow=\"b8dbd1d\" data-elementor-lightbox-title=\"Qendra Vullnetare e Emergjencave Civile, ashtu si cdo vit ishte n\u00eb mb\u00ebshtetje t\u00eb Maraton\u00ebs s\u00eb Tiran\u00ebs me ekipet e saj t\u00eb siguris\u00eb dhe dh\u00ebnies s\u00eb ndihm\u00ebs s\u00eb par\u00eb sh\u00ebndet\u00ebsore.\" data-e-action-hash=\"#elementor-action%3Aaction%3Dlightbox%26settings%3DeyJpZCI6MTM4LCJ1cmwiOiJodHRwczpcL1wvcXZlY2FsLm9yZ1wvd3AtY29udGVudFwvdXBsb2Fkc1wvMjAyNlwvMDJcL1FlbmRyYS1WdWxsbmV0YXJlLWUtRW1lcmdqZW5jYXZlLUNpdmlsZS1hc2h0dS1zaS1jZG8tdml0LWlzaHRlLW5lLW1iZXNodGV0amUtdGUtTWFyYXRvbmVzLXNlLVRpcmFuZXMtbWUtZWtpcGV0LWUtc2FqLXRlLXNpZ3VyaXNlLWRoZS1kaGVuaWVzLXNlLW5kaWhtZXMtc2UtcGFyZS1zaGVuZGV0ZXNvcmUuanBnIiwic2xpZGVzaG93IjoiYjhkYmQxZCJ9\" href=\"https:\/\/qvecal.org\/wp-content\/uploads\/2026\/02\/Qendra-Vullnetare-e-Emergjencave-Civile-ashtu-si-cdo-vit-ishte-ne-mbeshtetje-te-Maratones-se-Tiranes-me-ekipet-e-saj-te-sigurise-dhe-dhenies-se-ndihmes-se-pare-shendetesore.jpg\"><figure class=\"swiper-slide-inner\"><img decoding=\"async\" class=\"swiper-slide-image\" src=\"https:\/\/qvecal.org\/wp-content\/uploads\/2026\/02\/Qendra-Vullnetare-e-Emergjencave-Civile-ashtu-si-cdo-vit-ishte-ne-mbeshtetje-te-Maratones-se-Tiranes-me-ekipet-e-saj-te-sigurise-dhe-dhenies-se-ndihmes-se-pare-shendetesore.jpg\" alt=\"Qendra Vullnetare e Emergjencave Civile, ashtu si cdo vit ishte n\u00eb mb\u00ebshtetje t\u00eb Maraton\u00ebs s\u00eb Tiran\u00ebs me ekipet e saj t\u00eb siguris\u00eb dhe dh\u00ebnies s\u00eb ndihm\u00ebs s\u00eb par\u00eb sh\u00ebndet\u00ebsore.\" \/><\/figure><\/a><\/div><div class=\"swiper-slide\" role=\"group\" aria-roledescription=\"slide\" aria-label=\"5 of 9\"><a data-elementor-open-lightbox=\"yes\" data-elementor-lightbox-slideshow=\"b8dbd1d\" data-elementor-lightbox-title=\"QVEC Albania 2\" data-e-action-hash=\"#elementor-action%3Aaction%3Dlightbox%26settings%3DeyJpZCI6NjAsInVybCI6Imh0dHBzOlwvXC9xdmVjYWwub3JnXC93cC1jb250ZW50XC91cGxvYWRzXC8yMDI2XC8wMlwvUVZFQy1BbGJhbmlhLTIuanBnIiwic2xpZGVzaG93IjoiYjhkYmQxZCJ9\" href=\"https:\/\/qvecal.org\/wp-content\/uploads\/2026\/02\/QVEC-Albania-2.jpg\"><figure class=\"swiper-slide-inner\"><img decoding=\"async\" class=\"swiper-slide-image\" src=\"https:\/\/qvecal.org\/wp-content\/uploads\/2026\/02\/QVEC-Albania-2.jpg\" alt=\"QVEC Albania 2\" \/><\/figure><\/a><\/div><div class=\"swiper-slide\" role=\"group\" aria-roledescription=\"slide\" aria-label=\"6 of 9\"><a data-elementor-open-lightbox=\"yes\" data-elementor-lightbox-slideshow=\"b8dbd1d\" data-elementor-lightbox-title=\"QVEC Albania 6\" data-e-action-hash=\"#elementor-action%3Aaction%3Dlightbox%26settings%3DeyJpZCI6NjQsInVybCI6Imh0dHBzOlwvXC9xdmVjYWwub3JnXC93cC1jb250ZW50XC91cGxvYWRzXC8yMDI2XC8wMlwvUVZFQy1BbGJhbmlhLTYuanBnIiwic2xpZGVzaG93IjoiYjhkYmQxZCJ9\" href=\"https:\/\/qvecal.org\/wp-content\/uploads\/2026\/02\/QVEC-Albania-6.jpg\"><figure class=\"swiper-slide-inner\"><img decoding=\"async\" class=\"swiper-slide-image\" src=\"https:\/\/qvecal.org\/wp-content\/uploads\/2026\/02\/QVEC-Albania-6.jpg\" alt=\"QVEC Albania 6\" \/><\/figure><\/a><\/div><div class=\"swiper-slide\" role=\"group\" aria-roledescription=\"slide\" aria-label=\"7 of 9\"><a data-elementor-open-lightbox=\"yes\" data-elementor-lightbox-slideshow=\"b8dbd1d\" data-elementor-lightbox-title=\"QVEC Albania 3\" data-e-action-hash=\"#elementor-action%3Aaction%3Dlightbox%26settings%3DeyJpZCI6NjEsInVybCI6Imh0dHBzOlwvXC9xdmVjYWwub3JnXC93cC1jb250ZW50XC91cGxvYWRzXC8yMDI2XC8wMlwvUVZFQy1BbGJhbmlhLTMuanBnIiwic2xpZGVzaG93IjoiYjhkYmQxZCJ9\" href=\"https:\/\/qvecal.org\/wp-content\/uploads\/2026\/02\/QVEC-Albania-3.jpg\"><figure class=\"swiper-slide-inner\"><img decoding=\"async\" class=\"swiper-slide-image\" src=\"https:\/\/qvecal.org\/wp-content\/uploads\/2026\/02\/QVEC-Albania-3.jpg\" alt=\"QVEC Albania 3\" \/><\/figure><\/a><\/div><div class=\"swiper-slide\" role=\"group\" aria-roledescription=\"slide\" aria-label=\"8 of 9\"><a data-elementor-open-lightbox=\"yes\" data-elementor-lightbox-slideshow=\"b8dbd1d\" data-elementor-lightbox-title=\"Drejtori i Qendr\u00ebs Vullnetare t\u00eb Emergjencave Civile zhvilloi takime zyrtare n\u00eb zyrat q\u00ebndrore t\u00eb Mbrojtjes Civile n\u00eb Prefektur\u00ebn e Fermos\" data-e-action-hash=\"#elementor-action%3Aaction%3Dlightbox%26settings%3DeyJpZCI6OTYsInVybCI6Imh0dHBzOlwvXC9xdmVjYWwub3JnXC93cC1jb250ZW50XC91cGxvYWRzXC8yMDI2XC8wMlwvRHJlanRvcmktaS1RZW5kcmVzLVZ1bGxuZXRhcmUtdGUtRW1lcmdqZW5jYXZlLUNpdmlsZS16aHZpbGxvaS10YWtpbWUtenlydGFyZS1uZS16eXJhdC1xZW5kcm9yZS10ZS1NYnJvanRqZXMtQ2l2aWxlLW5lLVByZWZla3R1cmVuLWUtRmVybW9zLmpwZyIsInNsaWRlc2hvdyI6ImI4ZGJkMWQifQ%3D%3D\" href=\"https:\/\/qvecal.org\/wp-content\/uploads\/2026\/02\/Drejtori-i-Qendres-Vullnetare-te-Emergjencave-Civile-zhvilloi-takime-zyrtare-ne-zyrat-qendrore-te-Mbrojtjes-Civile-ne-Prefekturen-e-Fermos.jpg\"><figure class=\"swiper-slide-inner\"><img decoding=\"async\" class=\"swiper-slide-image\" src=\"https:\/\/qvecal.org\/wp-content\/uploads\/2026\/02\/Drejtori-i-Qendres-Vullnetare-te-Emergjencave-Civile-zhvilloi-takime-zyrtare-ne-zyrat-qendrore-te-Mbrojtjes-Civile-ne-Prefekturen-e-Fermos.jpg\" alt=\"Drejtori i Qendr\u00ebs Vullnetare t\u00eb Emergjencave Civile zhvilloi takime zyrtare n\u00eb zyrat q\u00ebndrore t\u00eb Mbrojtjes Civile n\u00eb Prefektur\u00ebn e Fermos\" \/><\/figure><\/a><\/div><div class=\"swiper-slide\" role=\"group\" aria-roledescription=\"slide\" aria-label=\"9 of 9\"><a data-elementor-open-lightbox=\"yes\" data-elementor-lightbox-slideshow=\"b8dbd1d\" data-elementor-lightbox-title=\"Qendra Vullnetare e Emergjencave Civile ishte s\u00ebrish e p\u00ebrzgjedhur nga Ministria e Mbrojtjes\" data-e-action-hash=\"#elementor-action%3Aaction%3Dlightbox%26settings%3DeyJpZCI6MTM1LCJ1cmwiOiJodHRwczpcL1wvcXZlY2FsLm9yZ1wvd3AtY29udGVudFwvdXBsb2Fkc1wvMjAyNlwvMDJcL1FlbmRyYS1WdWxsbmV0YXJlLWUtRW1lcmdqZW5jYXZlLUNpdmlsZS1pc2h0ZS1zZXJpc2gtZS1wZXJ6Z2plZGh1ci1uZ2EtTWluaXN0cmlhLWUtTWJyb2p0amVzLmpwZyIsInNsaWRlc2hvdyI6ImI4ZGJkMWQifQ%3D%3D\" href=\"https:\/\/qvecal.org\/wp-content\/uploads\/2026\/02\/Qendra-Vullnetare-e-Emergjencave-Civile-ishte-serish-e-perzgjedhur-nga-Ministria-e-Mbrojtjes.jpg\"><figure class=\"swiper-slide-inner\"><img decoding=\"async\" class=\"swiper-slide-image\" src=\"https:\/\/qvecal.org\/wp-content\/uploads\/2026\/02\/Qendra-Vullnetare-e-Emergjencave-Civile-ishte-serish-e-perzgjedhur-nga-Ministria-e-Mbrojtjes.jpg\" alt=\"Qendra Vullnetare e Emergjencave Civile ishte s\u00ebrish e p\u00ebrzgjedhur nga Ministria e Mbrojtjes\" \/><\/figure><\/a><\/div>\t\t\t<\/div>\n\t\t\t\t\t\t\t\n\t\t\t\t\t\t\t\t\t<\/div>\n\t\t\t\t\t\t<\/div>\n\t\t\t\t<div class=\"elementor-element elementor-element-1383063 elementor-widget elementor-widget-text-editor\" data-id=\"1383063\" data-element_type=\"widget\" data-e-type=\"widget\" data-widget_type=\"text-editor.default\">\n\t\t\t\t\t\t\t\t\t<p data-start=\"1365\" data-end=\"1680\">Since March 2014 to the present day, QVEC has contributed with dedication and passion, demonstrating that <strong data-start=\"1484\" data-end=\"1531\">volunteerism is a passion, not a profession<\/strong>. Young men and women, driven by the desire to serve and support the community in its most difficult moments, are an essential part of this center.<\/p><p data-start=\"1682\" data-end=\"1834\">QVEC is now certified by international bodies, demonstrating high standards in organization, response, and management of emergency situations.<\/p><p data-start=\"1836\" data-end=\"1981\" data-is-last-node=\"\" data-is-only-node=\"\">At the core of every QVEC action lies the belief that timely assistance saves lives and that solidarity is the greatest strength of a society.<\/p>\t\t\t\t\t\t\t\t<\/div>\n\t\t<div class=\"elementor-element elementor-element-d9e17cd e-con-full e-flex e-con e-child\" data-id=\"d9e17cd\" data-element_type=\"container\" data-e-type=\"container\">\n\t\t<div class=\"elementor-element elementor-element-4137493 e-con-full e-flex e-con e-child\" data-id=\"4137493\" data-element_type=\"container\" data-e-type=\"container\">\n\t\t\t\t<div class=\"elementor-element elementor-element-5ad5848 elementor-widget elementor-widget-heading\" data-id=\"5ad5848\" data-element_type=\"widget\" data-e-type=\"widget\" data-widget_type=\"heading.default\">\n\t\t\t\t\t<h2 class=\"elementor-heading-title elementor-size-default\">TRAININGS<\/h2>\t\t\t\t<\/div>\n\t\t\t\t<div class=\"elementor-element elementor-element-8b53d71 elementor-widget elementor-widget-text-editor\" data-id=\"8b53d71\" data-element_type=\"widget\" data-e-type=\"widget\" data-widget_type=\"text-editor.default\">\n\t\t\t\t\t\t\t\t\t<p>&#8230;<\/p>\t\t\t\t\t\t\t\t<\/div>\n\t\t\t\t<\/div>\n\t\t\t\t<\/div>\n\t\t\t\t\t<\/div>\n\t\t\t\t<\/div>\n\t\t<div class=\"elementor-element elementor-element-df791e4 e-flex e-con-boxed e-con e-parent\" data-id=\"df791e4\" data-element_type=\"container\" data-e-type=\"container\" data-settings=\"{&quot;background_background&quot;:&quot;classic&quot;}\">\n\t\t\t\t\t<div class=\"e-con-inner\">\n\t\t<div class=\"elementor-element elementor-element-d8f680f e-con-full e-flex e-con e-child\" data-id=\"d8f680f\" data-element_type=\"container\" data-e-type=\"container\">\n\t\t\t\t<div class=\"elementor-element elementor-element-88858b5 elementor-widget elementor-widget-heading\" data-id=\"88858b5\" data-element_type=\"widget\" data-e-type=\"widget\" data-widget_type=\"heading.default\">\n\t\t\t\t\t<h3 class=\"elementor-heading-title elementor-size-default\">QVEC<\/h3>\t\t\t\t<\/div>\n\t\t\t\t<div class=\"elementor-element elementor-element-d726ac7 elementor-widget elementor-widget-text-editor\" data-id=\"d726ac7\" data-element_type=\"widget\" data-e-type=\"widget\" data-widget_type=\"text-editor.default\">\n\t\t\t\t\t\t\t\t\t<p>Volunteer Center for Civil Emergencies<\/p>\t\t\t\t\t\t\t\t<\/div>\n\t\t\t\t<\/div>\n\t\t\t\t<div class=\"elementor-element elementor-element-4aa39c0 elementor-widget elementor-widget-button\" data-id=\"4aa39c0\" data-element_type=\"widget\" data-e-type=\"widget\" data-widget_type=\"button.default\">\n\t\t\t\t\t\t\t\t\t\t<a class=\"elementor-button elementor-button-link elementor-size-sm\" href=\"\/en\/kontakt\/\">\n\t\t\t\t\t\t<span class=\"elementor-button-content-wrapper\">\n\t\t\t\t\t\t\t\t\t<span class=\"elementor-button-text\">Join<\/span>\n\t\t\t\t\t<\/span>\n\t\t\t\t\t<\/a>\n\t\t\t\t\t\t\t\t<\/div>\n\t\t\t\t<div class=\"elementor-element elementor-element-d7dd0ac elementor-widget elementor-widget-button\" data-id=\"d7dd0ac\" data-element_type=\"widget\" data-e-type=\"widget\" data-widget_type=\"button.default\">\n\t\t\t\t\t\t\t\t\t\t<a class=\"elementor-button elementor-button-link elementor-size-sm\" href=\"\/en\/donacion\/\">\n\t\t\t\t\t\t<span class=\"elementor-button-content-wrapper\">\n\t\t\t\t\t\t\t\t\t<span class=\"elementor-button-text\">Contribute<\/span>\n\t\t\t\t\t<\/span>\n\t\t\t\t\t<\/a>\n\t\t\t\t\t\t\t\t<\/div>\n\t\t\t\t\t<\/div>\n\t\t\t\t<\/div>\n\t\t\t\t<\/div>","protected":false},"excerpt":{"rendered":"<p>Rreth Nesh &#8211; Q.V.E.C Qendra Vullnetare e Emergjencave Civile Qendra Vullnetare e Emergjencave Civile (QVEC) \u00ebsht\u00eb nj\u00eb organizat\u00eb jofitimprur\u00ebse, e krijuar me nj\u00eb mision t\u00eb qart\u00eb: ofrimin e ndihm\u00ebs humanitare n\u00eb emergjenca natyrore dhe sh\u00ebndet\u00ebsore n\u00eb t\u00eb gjith\u00eb territorin e vendit. E themeluar nga Nebi Mucaj, kjo qend\u00ebr bazohet n\u00eb vlerat e vullnetarizmit, solidaritetit dhe [&hellip;]<\/p>\n","protected":false},"author":1,"featured_media":6,"parent":0,"menu_order":0,"comment_status":"closed","ping_status":"closed","template":"","meta":{"footnotes":""},"class_list":["post-12","page","type-page","status-publish","has-post-thumbnail","hentry"],"_links":{"self":[{"href":"https:\/\/qvecal.org\/en\/wp-json\/wp\/v2\/pages\/12","targetHints":{"allow":["GET"]}}],"collection":[{"href":"https:\/\/qvecal.org\/en\/wp-json\/wp\/v2\/pages"}],"about":[{"href":"https:\/\/qvecal.org\/en\/wp-json\/wp\/v2\/types\/page"}],"author":[{"embeddable":true,"href":"https:\/\/qvecal.org\/en\/wp-json\/wp\/v2\/users\/1"}],"replies":[{"embeddable":true,"href":"https:\/\/qvecal.org\/en\/wp-json\/wp\/v2\/comments?post=12"}],"version-history":[{"count":0,"href":"https:\/\/qvecal.org\/en\/wp-json\/wp\/v2\/pages\/12\/revisions"}],"wp:featuredmedia":[{"embeddable":true,"href":"https:\/\/qvecal.org\/en\/wp-json\/wp\/v2\/media\/6"}],"wp:attachment":[{"href":"https:\/\/qvecal.org\/en\/wp-json\/wp\/v2\/media?parent=12"}],"curies":[{"name":"wp","href":"https:\/\/api.w.org\/{rel}","templated":true}]}}